{"id":2757,"date":"2019-11-07T09:49:32","date_gmt":"2019-11-07T09:49:32","guid":{"rendered":"https:\/\/feida.de\/info\/?page_id=2757"},"modified":"2019-11-07T09:49:32","modified_gmt":"2019-11-07T09:49:32","slug":"agb","status":"publish","type":"page","link":"https:\/\/feida.de\/info\/agb\/","title":{"rendered":"AGB"},"content":{"rendered":"<div class=\"wpb-content-wrapper\"><div class=\"vc_row wpb_row vc_row-fluid dt-default\" style=\"margin-top: 0px;margin-bottom: 0px\"><div class=\"wpb_column vc_column_container vc_col-sm-2\"><div class=\"vc_column-inner\"><div class=\"wpb_wrapper\"><\/div><\/div><\/div><div class=\"wpb_column vc_column_container vc_col-sm-8\"><div class=\"vc_column-inner\"><div class=\"wpb_wrapper\">\n\t<div class=\"wpb_text_column wpb_content_element \" >\n\t\t<div class=\"wpb_wrapper\">\n\t\t\t<p>Verkaufs-, Lieferungs- und Zahlungsbedingungen<\/p>\n<p>1. Verk\u00e4ufe erfolgen zu den nachstehenden Verkaufs-, Lieferungs- und Zahlungsbedingungen. Abweichungen bed\u00fcrfen unserer schriftlichen Best\u00e4tigung. Bedingungen der Besteller k\u00f6nnen wir nicht anerkennen, auch dann nicht, wenn von uns nicht ausdr\u00fccklich widersprochen wird.<\/p>\n<p>2. Preise verstehen sich in EURO, ausschlie\u00dflich gesetzl. MwSt., ab Werk, au\u00dfer Verpackung. Es gelten die am Tag der Lieferung g\u00fcltigen Listenpreise. Preise sind freibleibend. Preis\u00e4nderungen behalten wir uns vor.<\/p>\n<p>3. Ausf\u00fchrungen, Ma\u00dfe und Gewichte sowie Abbildungen und technische Daten sind, soweit nicht ausdr\u00fccklich best\u00e4tigt, ann\u00e4hernd und unverbindlich. Modell\u00e4nderungen sowie \u00c4nderung im Fabrikationsprogramm behalten wir uns vor. Alle \u00c4nderungen k\u00f6nnen ohne besondere Anzeige vorgenommen werden. Unsere Katalogausgabe steht unter urheberrechtlichen Schutz. Nachdruck auch auszugsweise nur mit unserer ausdr\u00fccklichen Genehmigung in schriftlicher Form gestattet.<\/p>\n<p>4. Packnormen:<br \/>\nVerschiedene Artikel werden in Normal-Verpackung mit festgelegter St\u00fcckzahl geliefert. Wir behalten uns vor, hiervon abweichende Bestellmengen in der n\u00e4chsth\u00f6heren oder niedrigeren Packnorm zu liefern.<\/p>\n<p>5. Lieferung:<br \/>\nDie von uns angegebenen Lieferfristen sind ann\u00e4hernd und unverbindlich. Die Lieferfrist beginnt mit dem Tage unserer Auftragsannahme, jedoch nicht vor Klarstellung aller Ausf\u00fchrungseinzelheiten. Die Lieferzeit gilt mit Anzeige der Versandbereitschaft als eingehalten, wenn die Absendung ohne unser Verschulden unm\u00f6glich ist.<br \/>\nTeillieferung: Im Interesse prompter Belieferung sind wir berechtigt, etwa fehlende Gr\u00f6\u00dfen zur\u00fcckzulassen und Teilmengen auszuliefern. Der K\u00e4ufer darf Teilmengen nicht zur\u00fcckweisen; eine jede Lieferung gilt als selbstst\u00e4ndiges Gesch\u00e4ft.<br \/>\nNachlieferung: Artikel, die beim Empfang der Bestellung nicht gelagert sind oder nicht kurzfristig geliefert werden k\u00f6nnen, behalten wir bis zur n\u00e4chsten Lieferm\u00f6glichkeit in Auftrag.<\/p>\n<p>6. H\u00f6here Gewalt, Streiks, Aussperrungen, Katastrophen, Betriebsst\u00f6rungen und Materialmangel entbinden uns f\u00fcr die Dauer der St\u00f6rung von der vorgesehenen Lieferzeit.<\/p>\n<p>7. Versand und Gefahren\u00fcbergang:<br \/>\nMit der \u00dcbergabe an den Spediteur oder an den Frachtf\u00fchrer, sp\u00e4testens mit Verlassen der Werke, geht die Gefahr auf den K\u00e4ufer \u00fcber. Versandweg, Bef\u00f6rderungs- und Verpackungsmittel sind, sofern nicht ganz bestimmte Weisungen f\u00fcr den Versand gegeben worden sind, nach unserer Wahl unter Ausschluss jeder Haftung \u00fcberlassen.<\/p>\n<p>8. Eigentumsvorbehalt<br \/>\nF\u00fcr die von uns gelieferten Waren behalten wir uns das Eigentum vor, solange uns noch Forderungen aus der Gesch\u00e4ftsverbindung mit dem K\u00e4ufer zustehen. Der K\u00e4ufer ist berechtigt, \u00fcber die in unserem Eigentum stehenden Waren im ordentlichen Gesch\u00e4ftsgang zu verf\u00fcgen, solange er seinen Verpflichtungen aus der Gesch\u00e4ftsverbindung mit uns rechtzeitig nachkommt. Er darf jedoch die Vorbehaltsware weder verpf\u00e4nden noch zur Sicherheit \u00fcbereignen. Er ist gehalten, unsere Rechte beim Weiterverkauf der Vorbehaltsware zu sichern, wenn dieser nicht gegen Barzahlung erfolgt. Bei Zahlungsverzug des K\u00e4ufers sind wir berechtigt, auch ohne Aus\u00fcbung des R\u00fccktritts und ohne Nachfristsetzung auf Kosten des K\u00e4ufers, die einstweilige Herausgabe der in unserem Eigentum stehenden Waren zu verlangen, soweit dadurch der Produktionsablauf im Betrieb des K\u00e4ufers nicht nachteilig gest\u00f6rt wird.<\/p>\n<p>9. M\u00e4ngelr\u00fcge und Gew\u00e4hrleistung:<br \/>\nF\u00fcr M\u00e4ngel, zu denen auch das Fehlen zugesicherter Eigenschaften geh\u00f6rt, haften wir wie folgt: Der Besteller hat die Ware unverz\u00fcglich nach Empfang auf etwaige M\u00e4ngel \u2013 bzw. das Fehlen zugesicherter Eigenschaften \u2013 zu untersuchen. Die Feststellung solcher M\u00e4ngel muss uns bei offensichtlichen M\u00e4ngeln binnen 10 Tagen, bei verdeckten M\u00e4ngeln unverz\u00fcglich nach Feststellung schriftlich mitgeteilt werden. Bei Waren, die nachweislich infolge eines vor Gefahren\u00fcbergang liegenden Umstandes unbrauchbar oder in ihrer Brauchbarkeit erheblich beeintr\u00e4chtigt werden, liefern wir nach unserer Wahl Ersatz oder bessern nach. F\u00fcr Ersatzlieferungen und Nachbesserungsarbeiten haften wir im gleichen Umfang, wie f\u00fcr den urspr\u00fcnglichen Liefergegenstand; f\u00fcr Ersatzlieferungen beginnt die Gew\u00e4hrleistungsfrist neu zu laufen. Haben wir eine uns gestellte angemessene Nachfrist verstreichen lassen, ohne Ersatz geleistet oder den Mangel behoben zu haben, so hat der Besteller ein R\u00fccktrittsrecht. F\u00fcr Sch\u00e4den, die aus nachfolgenden, von uns nicht zu vertretenden Gr\u00fcnden entstanden sind, wird keine Gew\u00e4hr \u00fcbernommen: Ungeeignete oder unsachgem\u00e4\u00dfe Verwendung, fehlerhafte Montage bzw. Inbetriebnahme durch den Abnehmer oder Dritte, nat\u00fcrliche Abnutzung, fehlerhafte oder nachl\u00e4ssige Behandlung, ungeeignete Betriebsmittel, chemische, elektrochemische oder elektrische Einfl\u00fcsse.<br \/>\nWir haften ferner nicht f\u00fcr die Folgen unsachgem\u00e4\u00dfer und ohne unsere Einwilligung vorgenommener \u00c4nderungen oder Instandsetzungsarbeiten des Abnehmers oder Dritter.<\/p>\n<p>10. Erf\u00fcllungs- u. Gerichtsstand ist f\u00fcr alle gegenseitigen Anspr\u00fcche Krefeld.<\/p>\n\n\t\t<\/div>\n\t<\/div>\n<\/div><\/div><\/div><div class=\"wpb_column vc_column_container vc_col-sm-2\"><div class=\"vc_column-inner\"><div class=\"wpb_wrapper\"><\/div><\/div><\/div><\/div>\n<\/div>","protected":false},"excerpt":{"rendered":"<p>Verkaufs-, Lieferungs- und Zahlungsbedingungen 1. Verk\u00e4ufe erfolgen zu den nachstehenden Verkaufs-, Lieferungs- und Zahlungsbedingungen. Abweichungen bed\u00fcrfen unserer schriftlichen Best\u00e4tigung. Bedingungen der Besteller k\u00f6nnen wir nicht anerkennen, auch dann nicht, wenn von uns nicht ausdr\u00fccklich widersprochen wird. 2. Preise verstehen sich in EURO, ausschlie\u00dflich gesetzl. MwSt., ab Werk, au\u00dfer Verpackung. Es gelten die am Tag der&hellip;<\/p>\n","protected":false},"author":1,"featured_media":0,"parent":0,"menu_order":16,"comment_status":"closed","ping_status":"closed","template":"","meta":{"footnotes":""},"class_list":["post-2757","page","type-page","status-publish","hentry","description-off"],"yoast_head":"<!-- This site is optimized with the Yoast SEO plugin v22.4 - https:\/\/yoast.com\/wordpress\/plugins\/seo\/ -->\n<title>AGB &#187; Feida Tools Deutschland GmbH<\/title>\n<meta name=\"robots\" content=\"index, follow, max-snippet:-1, max-image-preview:large, max-video-preview:-1\" \/>\n<link rel=\"canonical\" href=\"https:\/\/feida.de\/info\/agb\/\" \/>\n<meta property=\"og:locale\" content=\"de_DE\" \/>\n<meta property=\"og:type\" content=\"article\" \/>\n<meta property=\"og:title\" content=\"AGB &#187; Feida Tools Deutschland GmbH\" \/>\n<meta property=\"og:url\" content=\"https:\/\/feida.de\/info\/agb\/\" \/>\n<meta property=\"og:site_name\" content=\"Feida Tools Deutschland GmbH\" \/>\n<meta name=\"twitter:card\" content=\"summary_large_image\" \/>\n<meta name=\"twitter:label1\" content=\"Gesch\u00e4tzte Lesezeit\" \/>\n\t<meta name=\"twitter:data1\" content=\"4\u00a0Minuten\" \/>\n<script type=\"application\/ld+json\" class=\"yoast-schema-graph\">{\"@context\":\"https:\/\/schema.org\",\"@graph\":[{\"@type\":\"WebPage\",\"@id\":\"https:\/\/feida.de\/info\/agb\/\",\"url\":\"https:\/\/feida.de\/info\/agb\/\",\"name\":\"AGB &#187; Feida Tools Deutschland GmbH\",\"isPartOf\":{\"@id\":\"https:\/\/feida.de\/info\/#website\"},\"datePublished\":\"2019-11-07T09:49:32+00:00\",\"dateModified\":\"2019-11-07T09:49:32+00:00\",\"breadcrumb\":{\"@id\":\"https:\/\/feida.de\/info\/agb\/#breadcrumb\"},\"inLanguage\":\"de\",\"potentialAction\":[{\"@type\":\"ReadAction\",\"target\":[\"https:\/\/feida.de\/info\/agb\/\"]}]},{\"@type\":\"BreadcrumbList\",\"@id\":\"https:\/\/feida.de\/info\/agb\/#breadcrumb\",\"itemListElement\":[{\"@type\":\"ListItem\",\"position\":1,\"name\":\"Startseite\",\"item\":\"https:\/\/feida.de\/info\/\"},{\"@type\":\"ListItem\",\"position\":2,\"name\":\"AGB\"}]},{\"@type\":\"WebSite\",\"@id\":\"https:\/\/feida.de\/info\/#website\",\"url\":\"https:\/\/feida.de\/info\/\",\"name\":\"Feida Tools Deutschland GmbH - Drills for Experts - Ihr Bohrer Spezialist\",\"description\":\"drills for experts\",\"publisher\":{\"@id\":\"https:\/\/feida.de\/info\/#organization\"},\"potentialAction\":[{\"@type\":\"SearchAction\",\"target\":{\"@type\":\"EntryPoint\",\"urlTemplate\":\"https:\/\/feida.de\/info\/?s={search_term_string}\"},\"query-input\":\"required name=search_term_string\"}],\"inLanguage\":\"de\"},{\"@type\":\"Organization\",\"@id\":\"https:\/\/feida.de\/info\/#organization\",\"name\":\"Feida Tools Deutschland GmbH\",\"url\":\"https:\/\/feida.de\/info\/\",\"logo\":{\"@type\":\"ImageObject\",\"inLanguage\":\"de\",\"@id\":\"https:\/\/feida.de\/info\/#\/schema\/logo\/image\/\",\"url\":\"https:\/\/feida.de\/info\/wp-content\/uploads\/2019\/10\/feida_trans_mitr_88.png\",\"contentUrl\":\"https:\/\/feida.de\/info\/wp-content\/uploads\/2019\/10\/feida_trans_mitr_88.png\",\"width\":171,\"height\":88,\"caption\":\"Feida Tools Deutschland GmbH\"},\"image\":{\"@id\":\"https:\/\/feida.de\/info\/#\/schema\/logo\/image\/\"}}]}<\/script>\n<!-- \/ Yoast SEO plugin. -->","yoast_head_json":{"title":"AGB &#187; Feida Tools Deutschland GmbH","robots":{"index":"index","follow":"follow","max-snippet":"max-snippet:-1","max-image-preview":"max-image-preview:large","max-video-preview":"max-video-preview:-1"},"canonical":"https:\/\/feida.de\/info\/agb\/","og_locale":"de_DE","og_type":"article","og_title":"AGB &#187; Feida Tools Deutschland GmbH","og_url":"https:\/\/feida.de\/info\/agb\/","og_site_name":"Feida Tools Deutschland GmbH","twitter_card":"summary_large_image","twitter_misc":{"Gesch\u00e4tzte Lesezeit":"4\u00a0Minuten"},"schema":{"@context":"https:\/\/schema.org","@graph":[{"@type":"WebPage","@id":"https:\/\/feida.de\/info\/agb\/","url":"https:\/\/feida.de\/info\/agb\/","name":"AGB &#187; Feida Tools Deutschland GmbH","isPartOf":{"@id":"https:\/\/feida.de\/info\/#website"},"datePublished":"2019-11-07T09:49:32+00:00","dateModified":"2019-11-07T09:49:32+00:00","breadcrumb":{"@id":"https:\/\/feida.de\/info\/agb\/#breadcrumb"},"inLanguage":"de","potentialAction":[{"@type":"ReadAction","target":["https:\/\/feida.de\/info\/agb\/"]}]},{"@type":"BreadcrumbList","@id":"https:\/\/feida.de\/info\/agb\/#breadcrumb","itemListElement":[{"@type":"ListItem","position":1,"name":"Startseite","item":"https:\/\/feida.de\/info\/"},{"@type":"ListItem","position":2,"name":"AGB"}]},{"@type":"WebSite","@id":"https:\/\/feida.de\/info\/#website","url":"https:\/\/feida.de\/info\/","name":"Feida Tools Deutschland GmbH - Drills for Experts - Ihr Bohrer Spezialist","description":"drills for experts","publisher":{"@id":"https:\/\/feida.de\/info\/#organization"},"potentialAction":[{"@type":"SearchAction","target":{"@type":"EntryPoint","urlTemplate":"https:\/\/feida.de\/info\/?s={search_term_string}"},"query-input":"required name=search_term_string"}],"inLanguage":"de"},{"@type":"Organization","@id":"https:\/\/feida.de\/info\/#organization","name":"Feida Tools Deutschland GmbH","url":"https:\/\/feida.de\/info\/","logo":{"@type":"ImageObject","inLanguage":"de","@id":"https:\/\/feida.de\/info\/#\/schema\/logo\/image\/","url":"https:\/\/feida.de\/info\/wp-content\/uploads\/2019\/10\/feida_trans_mitr_88.png","contentUrl":"https:\/\/feida.de\/info\/wp-content\/uploads\/2019\/10\/feida_trans_mitr_88.png","width":171,"height":88,"caption":"Feida Tools Deutschland GmbH"},"image":{"@id":"https:\/\/feida.de\/info\/#\/schema\/logo\/image\/"}}]}},"_links":{"self":[{"href":"https:\/\/feida.de\/info\/wp-json\/wp\/v2\/pages\/2757","targetHints":{"allow":["GET"]}}],"collection":[{"href":"https:\/\/feida.de\/info\/wp-json\/wp\/v2\/pages"}],"about":[{"href":"https:\/\/feida.de\/info\/wp-json\/wp\/v2\/types\/page"}],"author":[{"embeddable":true,"href":"https:\/\/feida.de\/info\/wp-json\/wp\/v2\/users\/1"}],"replies":[{"embeddable":true,"href":"https:\/\/feida.de\/info\/wp-json\/wp\/v2\/comments?post=2757"}],"version-history":[{"count":1,"href":"https:\/\/feida.de\/info\/wp-json\/wp\/v2\/pages\/2757\/revisions"}],"predecessor-version":[{"id":2758,"href":"https:\/\/feida.de\/info\/wp-json\/wp\/v2\/pages\/2757\/revisions\/2758"}],"wp:attachment":[{"href":"https:\/\/feida.de\/info\/wp-json\/wp\/v2\/media?parent=2757"}],"curies":[{"name":"wp","href":"https:\/\/api.w.org\/{rel}","templated":true}]}}