{"id":2754,"date":"2019-11-07T09:24:05","date_gmt":"2019-11-07T09:24:05","guid":{"rendered":"https:\/\/feida.de\/info\/?page_id=2754"},"modified":"2023-06-23T13:53:41","modified_gmt":"2023-06-23T13:53:41","slug":"impressum","status":"publish","type":"page","link":"https:\/\/feida.de\/info\/impressum\/","title":{"rendered":"Impressum"},"content":{"rendered":"<div class=\"wpb-content-wrapper\"><section class=\"vc_section\"><div class=\"vc_row wpb_row vc_row-fluid dt-default\" style=\"margin-top: 0px;margin-bottom: 0px\"><div class=\"wpb_column vc_column_container vc_col-sm-2\"><div class=\"vc_column-inner\"><div class=\"wpb_wrapper\"><\/div><\/div><\/div><div class=\"wpb_column vc_column_container vc_col-sm-8\"><div class=\"vc_column-inner\"><div class=\"wpb_wrapper\">\n\t<div class=\"wpb_text_column wpb_content_element \" >\n\t\t<div class=\"wpb_wrapper\">\n\t\t\t<p>Herausgeber<br \/>\nFeida Tools Deutschland GmbH<br \/>\nRohrzieherstrasse 6<br \/>\n47877 Willich<\/p>\n<p>Telefon: 0049 (0)2154-89414-10<br \/>\nTelefax: 0049 (0)2154-89414-11<br \/>\ninfo@feida.de<\/p>\n<p>UST.-IdNr.: DE812926354<br \/>\nILN: 4041957000008<br \/>\nGesch\u00e4ftsf\u00fchrerin: Frau Min Li<\/p>\n<p>Amtsgericht Krefeld, HRB 11078<br \/>\nVolksbank Krefeld eG<br \/>\nBLZ: 320 603 62<br \/>\nKto: 124 944 015<br \/>\nBIC-Code: GENODED1HTK<br \/>\nIBAN: DE24 320603620124944015<\/p>\n<p>Markenrecht<br \/>\nWir weisen darauf hin, dass alle verwendeten Markennamen der jeweiligen Firmen oder Einrichtungen dem allgemeinen warenzeichen-, marken- oder patentrechtlichem Schutz unterliegen.<\/p>\n<p>Rechte<br \/>\nAlle Rechte vorbehalten. Nachdruck (auch auszugsweise), kommerzielle Weiterverbreitung und Aufnahme in kommerzielle Datenbanken nur mit schriftlicher Genehmigung von der Feida Tools Deutschland GmbH.<\/p>\n<p>Links<br \/>\nHiermit distanziert sich die Feida Tools Deutschland GmbH ausdr\u00fccklich von allen Inhalten zu gelinkten Seiten auf diesem Internet-Angebot, da diese von Fremdanbietern zug\u00e4nglich gemacht werden und wir auf deren wahrheitsgem\u00e4\u00dfen Inhalt keinerlei Einfluss haben. Diese Erkl\u00e4rung gilt f\u00fcr alle auf den Seiten angebrachten Links. Die Feida Deutschland GmbH \u00fcbernimmt keinerlei Haftung f\u00fcr die Inhalte von verlinkten Schlagzeilen der Kooperationspartner bzw. Fremdberichten auf www.feida.de.<\/p>\n\n\t\t<\/div>\n\t<\/div>\n<\/div><\/div><\/div><div class=\"wpb_column vc_column_container vc_col-sm-2\"><div class=\"vc_column-inner\"><div class=\"wpb_wrapper\"><\/div><\/div><\/div><\/div><\/section>\n<\/div>","protected":false},"excerpt":{"rendered":"<p>Herausgeber Feida Tools Deutschland GmbH Rohrzieherstrasse 6 47877 Willich Telefon: 0049 (0)2154-89414-10 Telefax: 0049 (0)2154-89414-11 info@feida.de UST.-IdNr.: DE812926354 ILN: 4041957000008 Gesch\u00e4ftsf\u00fchrerin: Frau Min Li Amtsgericht Krefeld, HRB 11078 Volksbank Krefeld eG BLZ: 320 603 62 Kto: 124 944 015 BIC-Code: GENODED1HTK IBAN: DE24 320603620124944015 Markenrecht Wir weisen darauf hin, dass alle verwendeten Markennamen der jeweiligen&hellip;<\/p>\n","protected":false},"author":1,"featured_media":0,"parent":0,"menu_order":15,"comment_status":"closed","ping_status":"closed","template":"","meta":{"footnotes":""},"class_list":["post-2754","page","type-page","status-publish","hentry","description-off"],"yoast_head":"<!-- This site is optimized with the Yoast SEO plugin v22.4 - https:\/\/yoast.com\/wordpress\/plugins\/seo\/ -->\n<title>Impressum &#187; Feida Tools Deutschland GmbH<\/title>\n<meta name=\"robots\" content=\"index, follow, max-snippet:-1, max-image-preview:large, max-video-preview:-1\" \/>\n<link rel=\"canonical\" href=\"https:\/\/feida.de\/info\/impressum\/\" \/>\n<meta property=\"og:locale\" content=\"de_DE\" \/>\n<meta property=\"og:type\" content=\"article\" \/>\n<meta property=\"og:title\" content=\"Impressum &#187; Feida Tools Deutschland GmbH\" \/>\n<meta property=\"og:url\" content=\"https:\/\/feida.de\/info\/impressum\/\" \/>\n<meta property=\"og:site_name\" content=\"Feida Tools Deutschland GmbH\" \/>\n<meta property=\"article:modified_time\" content=\"2023-06-23T13:53:41+00:00\" \/>\n<meta name=\"twitter:card\" content=\"summary_large_image\" \/>\n<meta name=\"twitter:label1\" content=\"Gesch\u00e4tzte Lesezeit\" \/>\n\t<meta name=\"twitter:data1\" content=\"1\u00a0Minute\" \/>\n<script type=\"application\/ld+json\" class=\"yoast-schema-graph\">{\"@context\":\"https:\/\/schema.org\",\"@graph\":[{\"@type\":\"WebPage\",\"@id\":\"https:\/\/feida.de\/info\/impressum\/\",\"url\":\"https:\/\/feida.de\/info\/impressum\/\",\"name\":\"Impressum &#187; Feida Tools Deutschland GmbH\",\"isPartOf\":{\"@id\":\"https:\/\/feida.de\/info\/#website\"},\"datePublished\":\"2019-11-07T09:24:05+00:00\",\"dateModified\":\"2023-06-23T13:53:41+00:00\",\"breadcrumb\":{\"@id\":\"https:\/\/feida.de\/info\/impressum\/#breadcrumb\"},\"inLanguage\":\"de\",\"potentialAction\":[{\"@type\":\"ReadAction\",\"target\":[\"https:\/\/feida.de\/info\/impressum\/\"]}]},{\"@type\":\"BreadcrumbList\",\"@id\":\"https:\/\/feida.de\/info\/impressum\/#breadcrumb\",\"itemListElement\":[{\"@type\":\"ListItem\",\"position\":1,\"name\":\"Startseite\",\"item\":\"https:\/\/feida.de\/info\/\"},{\"@type\":\"ListItem\",\"position\":2,\"name\":\"Impressum\"}]},{\"@type\":\"WebSite\",\"@id\":\"https:\/\/feida.de\/info\/#website\",\"url\":\"https:\/\/feida.de\/info\/\",\"name\":\"Feida Tools Deutschland GmbH - Drills for Experts - Ihr Bohrer Spezialist\",\"description\":\"drills for experts\",\"publisher\":{\"@id\":\"https:\/\/feida.de\/info\/#organization\"},\"potentialAction\":[{\"@type\":\"SearchAction\",\"target\":{\"@type\":\"EntryPoint\",\"urlTemplate\":\"https:\/\/feida.de\/info\/?s={search_term_string}\"},\"query-input\":\"required name=search_term_string\"}],\"inLanguage\":\"de\"},{\"@type\":\"Organization\",\"@id\":\"https:\/\/feida.de\/info\/#organization\",\"name\":\"Feida Tools Deutschland GmbH\",\"url\":\"https:\/\/feida.de\/info\/\",\"logo\":{\"@type\":\"ImageObject\",\"inLanguage\":\"de\",\"@id\":\"https:\/\/feida.de\/info\/#\/schema\/logo\/image\/\",\"url\":\"https:\/\/feida.de\/info\/wp-content\/uploads\/2019\/10\/feida_trans_mitr_88.png\",\"contentUrl\":\"https:\/\/feida.de\/info\/wp-content\/uploads\/2019\/10\/feida_trans_mitr_88.png\",\"width\":171,\"height\":88,\"caption\":\"Feida Tools Deutschland GmbH\"},\"image\":{\"@id\":\"https:\/\/feida.de\/info\/#\/schema\/logo\/image\/\"}}]}<\/script>\n<!-- \/ Yoast SEO plugin. -->","yoast_head_json":{"title":"Impressum &#187; Feida Tools Deutschland GmbH","robots":{"index":"index","follow":"follow","max-snippet":"max-snippet:-1","max-image-preview":"max-image-preview:large","max-video-preview":"max-video-preview:-1"},"canonical":"https:\/\/feida.de\/info\/impressum\/","og_locale":"de_DE","og_type":"article","og_title":"Impressum &#187; Feida Tools Deutschland GmbH","og_url":"https:\/\/feida.de\/info\/impressum\/","og_site_name":"Feida Tools Deutschland GmbH","article_modified_time":"2023-06-23T13:53:41+00:00","twitter_card":"summary_large_image","twitter_misc":{"Gesch\u00e4tzte Lesezeit":"1\u00a0Minute"},"schema":{"@context":"https:\/\/schema.org","@graph":[{"@type":"WebPage","@id":"https:\/\/feida.de\/info\/impressum\/","url":"https:\/\/feida.de\/info\/impressum\/","name":"Impressum &#187; Feida Tools Deutschland GmbH","isPartOf":{"@id":"https:\/\/feida.de\/info\/#website"},"datePublished":"2019-11-07T09:24:05+00:00","dateModified":"2023-06-23T13:53:41+00:00","breadcrumb":{"@id":"https:\/\/feida.de\/info\/impressum\/#breadcrumb"},"inLanguage":"de","potentialAction":[{"@type":"ReadAction","target":["https:\/\/feida.de\/info\/impressum\/"]}]},{"@type":"BreadcrumbList","@id":"https:\/\/feida.de\/info\/impressum\/#breadcrumb","itemListElement":[{"@type":"ListItem","position":1,"name":"Startseite","item":"https:\/\/feida.de\/info\/"},{"@type":"ListItem","position":2,"name":"Impressum"}]},{"@type":"WebSite","@id":"https:\/\/feida.de\/info\/#website","url":"https:\/\/feida.de\/info\/","name":"Feida Tools Deutschland GmbH - Drills for Experts - Ihr Bohrer Spezialist","description":"drills for experts","publisher":{"@id":"https:\/\/feida.de\/info\/#organization"},"potentialAction":[{"@type":"SearchAction","target":{"@type":"EntryPoint","urlTemplate":"https:\/\/feida.de\/info\/?s={search_term_string}"},"query-input":"required name=search_term_string"}],"inLanguage":"de"},{"@type":"Organization","@id":"https:\/\/feida.de\/info\/#organization","name":"Feida Tools Deutschland GmbH","url":"https:\/\/feida.de\/info\/","logo":{"@type":"ImageObject","inLanguage":"de","@id":"https:\/\/feida.de\/info\/#\/schema\/logo\/image\/","url":"https:\/\/feida.de\/info\/wp-content\/uploads\/2019\/10\/feida_trans_mitr_88.png","contentUrl":"https:\/\/feida.de\/info\/wp-content\/uploads\/2019\/10\/feida_trans_mitr_88.png","width":171,"height":88,"caption":"Feida Tools Deutschland GmbH"},"image":{"@id":"https:\/\/feida.de\/info\/#\/schema\/logo\/image\/"}}]}},"_links":{"self":[{"href":"https:\/\/feida.de\/info\/wp-json\/wp\/v2\/pages\/2754","targetHints":{"allow":["GET"]}}],"collection":[{"href":"https:\/\/feida.de\/info\/wp-json\/wp\/v2\/pages"}],"about":[{"href":"https:\/\/feida.de\/info\/wp-json\/wp\/v2\/types\/page"}],"author":[{"embeddable":true,"href":"https:\/\/feida.de\/info\/wp-json\/wp\/v2\/users\/1"}],"replies":[{"embeddable":true,"href":"https:\/\/feida.de\/info\/wp-json\/wp\/v2\/comments?post=2754"}],"version-history":[{"count":5,"href":"https:\/\/feida.de\/info\/wp-json\/wp\/v2\/pages\/2754\/revisions"}],"predecessor-version":[{"id":3369,"href":"https:\/\/feida.de\/info\/wp-json\/wp\/v2\/pages\/2754\/revisions\/3369"}],"wp:attachment":[{"href":"https:\/\/feida.de\/info\/wp-json\/wp\/v2\/media?parent=2754"}],"curies":[{"name":"wp","href":"https:\/\/api.w.org\/{rel}","templated":true}]}}