{"id":1885,"date":"2019-10-09T13:56:15","date_gmt":"2019-10-09T13:56:15","guid":{"rendered":"https:\/\/feida.de\/info\/?page_id=1885"},"modified":"2023-10-25T13:18:19","modified_gmt":"2023-10-25T13:18:19","slug":"ueber-uns","status":"publish","type":"page","link":"https:\/\/feida.de\/info\/en\/ueber-uns\/","title":{"rendered":"about us"},"content":{"rendered":"<div class=\"wpb-content-wrapper\"><section class=\"vc_section\"><div class=\"vc_row wpb_row vc_row-fluid dt-default\" style=\"margin-top: 0px;margin-bottom: 0px\"><div class=\"wpb_column vc_column_container vc_col-sm-6\"><div class=\"vc_column-inner\"><div class=\"wpb_wrapper\">\n\t<div  class=\"wpb_single_image wpb_content_element vc_align_left\">\n\t\t\n\t\t<figure class=\"wpb_wrapper vc_figure\">\n\t\t\t<div class=\"vc_single_image-wrapper   vc_box_border_grey\"><img decoding=\"async\" class=\"vc_single_image-img\" src=\"https:\/\/feida.de\/info\/wp-content\/uploads\/2020\/10\/Feida_Gebaeude.jpg\" width=\"500\" height=\"300\" alt=\"Feida_Geb\u00e4ude\" title=\"Feida_Geb\u00e4ude\" loading=\"lazy\"  data-dt-location=\"https:\/\/feida.de\/info\/en\/ueber-uns\/attachment\/feida_gebaeude-2\/\" \/><\/div>\n\t\t<\/figure>\n\t<\/div>\n<\/div><\/div><\/div><div class=\"wpb_column vc_column_container vc_col-sm-6\"><div class=\"vc_column-inner\"><div class=\"wpb_wrapper\"><div id=\"ultimate-heading-767969e26b7a08454\" class=\"uvc-heading ult-adjust-bottom-margin ultimate-heading-767969e26b7a08454 uvc-9203  uvc-heading-default-font-sizes\" data-hspacer=\"no_spacer\"  data-halign=\"left\" style=\"text-align:left\"><div class=\"uvc-heading-spacer no_spacer\" style=\"top\"><\/div><div class=\"uvc-main-heading ult-responsive\"  data-ultimate-target='.uvc-heading.ultimate-heading-767969e26b7a08454 h3'  data-responsive-json-new='{\"font-size\":\"\",\"line-height\":\"\"}' ><h3 style=\"font-family:&#039;Archivo&#039;;font-style:italic;font-weight:600;color:#3f3f3f;margin-bottom:20px;\">Who we are<\/h3><\/div><\/div>\n\t<div class=\"wpb_text_column wpb_content_element\" >\n\t\t<div class=\"wpb_wrapper\">\n\t\t\t<p>FEIDA group is one of the leading manufacturers of high-quality drills. FEIDA Tools Deutschland GmbH operates thereby as a subsidiary company and connector between our manufacturing plant and their requirements in the European market since 1999. Through the central location in 47877 Willich our stock provides a quick and efficient delivery capacity.<\/p>\n\n\t\t<\/div>\n\t<\/div>\n<\/div><\/div><\/div><\/div><div class=\"vc_row wpb_row vc_row-fluid dt-default\" style=\"margin-top: 0px;margin-bottom: 0px\"><div class=\"wpb_column vc_column_container vc_col-sm-8\"><div class=\"vc_column-inner\"><div class=\"wpb_wrapper\"><div id=\"ultimate-heading-336369e26b7a08ca1\" class=\"uvc-heading ult-adjust-bottom-margin ultimate-heading-336369e26b7a08ca1 uvc-869  uvc-heading-default-font-sizes\" data-hspacer=\"no_spacer\"  data-halign=\"left\" style=\"text-align:left\"><div class=\"uvc-heading-spacer no_spacer\" style=\"top\"><\/div><div class=\"uvc-main-heading ult-responsive\"  data-ultimate-target='.uvc-heading.ultimate-heading-336369e26b7a08ca1 h3'  data-responsive-json-new='{\"font-size\":\"\",\"line-height\":\"\"}' ><h3 style=\"font-family:&#039;Archivo&#039;;font-style:italic;font-weight:600;color:#3f3f3f;margin-bottom:20px;\">What we offer<\/h3><\/div><\/div>\n\t<div class=\"wpb_text_column wpb_content_element\" >\n\t\t<div class=\"wpb_wrapper\">\n\t\t\t<p>The product range of our company includes a wide range of cutting\ntools, all kind of drills for metal, stone, glass, plastic and wood, as well as a wide assortment of thread cutting tools and thread cutting dies up to various types of metal and plastic cassettes. Our product range is constantly growing and we offer our customers a high quality product at a market-driven price-performance ratio. FEIDA products are subject to a strict and certified quality control.<\/p>\n\n\t\t<\/div>\n\t<\/div>\n<\/div><\/div><\/div><div class=\"wpb_column vc_column_container vc_col-sm-4\"><div class=\"vc_column-inner\"><div class=\"wpb_wrapper\">\n\t<div  class=\"wpb_single_image wpb_content_element vc_align_right\">\n\t\t\n\t\t<figure class=\"wpb_wrapper vc_figure\">\n\t\t\t<div class=\"vc_single_image-wrapper   vc_box_border_grey\"><img decoding=\"async\" class=\"vc_single_image-img\" src=\"https:\/\/feida.de\/info\/wp-content\/uploads\/2019\/10\/Produkte-500x300.jpg\" width=\"500\" height=\"300\" alt=\"Produkte\" title=\"Produkte\" loading=\"lazy\"  data-dt-location=\"https:\/\/feida.de\/info\/en\/ueber-uns\/attachment\/produkte\/\" \/><\/div>\n\t\t<\/figure>\n\t<\/div>\n<\/div><\/div><\/div><\/div><div class=\"vc_row wpb_row vc_row-fluid dt-default\" style=\"margin-top: 0px;margin-bottom: 0px\"><div class=\"wpb_column vc_column_container vc_col-sm-4\"><div class=\"vc_column-inner\"><div class=\"wpb_wrapper\">\n\t<div  class=\"wpb_single_image wpb_content_element vc_align_right\">\n\t\t\n\t\t<figure class=\"wpb_wrapper vc_figure\">\n\t\t\t<div class=\"vc_single_image-wrapper   vc_box_border_grey\"><img decoding=\"async\" class=\"vc_single_image-img\" src=\"https:\/\/feida.de\/info\/wp-content\/uploads\/2020\/10\/landkarte-02-400x400.png\" width=\"400\" height=\"400\" alt=\"landkarte-02\" title=\"landkarte-02\" loading=\"lazy\"  data-dt-location=\"https:\/\/feida.de\/info\/en\/ueber-uns\/attachment\/landkarte-02\/\" \/><\/div>\n\t\t<\/figure>\n\t<\/div>\n<\/div><\/div><\/div><div class=\"wpb_column vc_column_container vc_col-sm-4\"><div class=\"vc_column-inner\"><div class=\"wpb_wrapper\">\n\t<div class=\"wpb_text_column wpb_content_element\" >\n\t\t<div class=\"wpb_wrapper\">\n\t\t\t<p>We offer you a prompt delivery service and in addition a custom-made product are not a foreign word for us.<\/p>\n<p>Our products are delivered directly from our stock Willich and customers\nwho have a bigger demand have the possibility to import the goods directly from our factory in China. We offer you the complete service from the offer, order processing, customs clearance up to the shipping and guarantee you a smooth process.<\/p>\n<p>We generally work with BSCI-certified (Business Social Compliance Initiative) suppliers and therefore we attach great importance to international contracts such as working conditions, health and social institutions, occupational health and safety ,aspects of environmental protection as well as sustainability.<\/p>\n\n\t\t<\/div>\n\t<\/div>\n<\/div><\/div><\/div><div class=\"wpb_column vc_column_container vc_col-sm-4\"><div class=\"vc_column-inner\"><div class=\"wpb_wrapper\"><div class=\"shortcode-banner\" style=\"min-height: 150px\"><div class=\"shortcode-banner-bg wf-table\" style=\"padding: 10px;min-height: 150px\"><div class=\"shortcode-banner-inside wf-table text-big\" style=\"background-color: rgb(255,255,255);background-color: rgba(255,255,255,0.4);border: solid 10px transparent;outline: solid 3px;outline-color: #898989;height: 140px\"><div><h3>Durch die langj\u00e4hrige Zusammenarbeit mit unseren Speditionspartnern k\u00f6nnen wir Ihnen eine schnelle und zuverl\u00e4ssige Lieferung gew\u00e4hren.<\/h3>\n<\/div><\/div><\/div><\/div><\/div><\/div><\/div><\/div><\/section><section data-vc-full-width=\"true\" data-vc-full-width-temp=\"true\" data-vc-full-width-init=\"false\" class=\"vc_section vc_custom_1573484812036 vc_section-has-fill\"><div class=\"vc_row wpb_row vc_row-fluid dt-default\" style=\"margin-top: 0px;margin-bottom: 0px\"><div class=\"wpb_column vc_column_container vc_col-sm-12\"><div class=\"vc_column-inner\"><div class=\"wpb_wrapper\"><div id=\"ultimate-heading-996069e26b7a0a448\" class=\"uvc-heading ult-adjust-bottom-margin ultimate-heading-996069e26b7a0a448 uvc-4704 accent-border-color uvc-heading-default-font-sizes\" data-hspacer=\"line_only\"  data-halign=\"center\" style=\"text-align:center\"><div class=\"uvc-main-heading ult-responsive\"  data-ultimate-target='.uvc-heading.ultimate-heading-996069e26b7a0a448 h2'  data-responsive-json-new='{\"font-size\":\"\",\"line-height\":\"\"}' ><h2 style=\"--font-weight:theme;\">Team<\/h2><\/div><div class=\"uvc-heading-spacer line_only\" style=\"topheight:5px;\"><span class=\"uvc-headings-line\" style=\"border-style:solid;border-bottom-width:5px;border-color:#ccc;width:150px;\"><\/span><\/div><\/div><\/div><\/div><\/div><\/div><div class=\"vc_row wpb_row vc_row-fluid\"><div class=\"wpb_column vc_column_container vc_col-sm-4\"><div class=\"vc_column-inner\"><div class=\"wpb_wrapper\"><div class=\"aio-icon-component    style_1\"><div id=\"Info-box-wrap-3727\" class=\"aio-icon-box default-icon\" style=\"\"  ><div class=\"aio-icon-header\" ><h3 class=\"aio-icon-title ult-responsive\"  data-ultimate-target='#Info-box-wrap-3727 .aio-icon-title'  data-responsive-json-new='{\"font-size\":\"\",\"line-height\":\"\"}'  style=\"\">Min Li &amp; Xia Zhu<\/h3><\/div> <!-- header --><div class=\"aio-icon-description ult-responsive\"  data-ultimate-target='#Info-box-wrap-3727 .aio-icon-description'  data-responsive-json-new='{\"font-size\":\"\",\"line-height\":\"\"}'  style=\"\">General Mnager<br \/>\nTel.: +49 02154 89414-18<br \/>\nFax: +49 02154 89414-11<br \/>\nE-Mail: min.li@feida.de<br \/>\nLanguage: German, Chinese, Englich<\/div> <!-- description --><\/div> <!-- aio-icon-box --><\/div> <!-- aio-icon-component --><\/div><\/div><\/div><div class=\"wpb_column vc_column_container vc_col-sm-4\"><div class=\"vc_column-inner\"><div class=\"wpb_wrapper\"><div class=\"aio-icon-component    style_1\"><div id=\"Info-box-wrap-6124\" class=\"aio-icon-box default-icon\" style=\"\"  ><div class=\"aio-icon-header\" ><h3 class=\"aio-icon-title ult-responsive\"  data-ultimate-target='#Info-box-wrap-6124 .aio-icon-title'  data-responsive-json-new='{\"font-size\":\"\",\"line-height\":\"\"}'  style=\"\">Sascha H\u00fcskes<\/h3><\/div> <!-- header --><div class=\"aio-icon-description ult-responsive\"  data-ultimate-target='#Info-box-wrap-6124 .aio-icon-description'  data-responsive-json-new='{\"font-size\":\"\",\"line-height\":\"\"}'  style=\"\">Key-Account-Management<br \/>\nTel.: +49 02154 89414-23<br \/>\nFax: +49 02154 89414-11<br \/>\nE-Mail: sascha.hueskes@feida.de<br \/>\nLanguage: German, English<\/div> <!-- description --><\/div> <!-- aio-icon-box --><\/div> <!-- aio-icon-component --><\/div><\/div><\/div><div class=\"wpb_column vc_column_container vc_col-sm-4\"><div class=\"vc_column-inner\"><div class=\"wpb_wrapper\"><div class=\"aio-icon-component    style_1\"><div id=\"Info-box-wrap-3480\" class=\"aio-icon-box default-icon\" style=\"\"  ><div class=\"aio-icon-header\" ><h3 class=\"aio-icon-title ult-responsive\"  data-ultimate-target='#Info-box-wrap-3480 .aio-icon-title'  data-responsive-json-new='{\"font-size\":\"\",\"line-height\":\"\"}'  style=\"\">Beate Dehn<\/h3><\/div> <!-- header --><div class=\"aio-icon-description ult-responsive\"  data-ultimate-target='#Info-box-wrap-3480 .aio-icon-description'  data-responsive-json-new='{\"font-size\":\"\",\"line-height\":\"\"}'  style=\"\">Accounting<br \/>\nTel.: +49 02154 89414-24<br \/>\nFax: +49 02154 89414-11<br \/>\nE-Mail: beate.dehn@feida.de<br \/>\nLanguage: German<\/div> <!-- description --><\/div> <!-- aio-icon-box --><\/div> <!-- aio-icon-component --><\/div><\/div><\/div><\/div><!-- Row Backgrounds --><div class=\"upb_color\" data-bg-override=\"ex-full\" data-bg-color=\"#f2f2f2\" data-fadeout=\"\" data-fadeout-percentage=\"30\" data-parallax-content=\"\" data-parallax-content-sense=\"30\" data-row-effect-mobile-disable=\"true\" data-img-parallax-mobile-disable=\"true\" data-rtl=\"false\"  data-custom-vc-row=\"\"  data-vc=\"8.7.2\"  data-is_old_vc=\"\"  data-theme-support=\"\"   data-overlay=\"false\" data-overlay-color=\"\" data-overlay-pattern=\"\" data-overlay-pattern-opacity=\"\" data-overlay-pattern-size=\"\"    ><\/div><div class=\"vc_row wpb_row vc_row-fluid\"><div class=\"wpb_column vc_column_container vc_col-sm-4\"><div class=\"vc_column-inner\"><div class=\"wpb_wrapper\"><div class=\"aio-icon-component    style_1\"><div id=\"Info-box-wrap-1755\" class=\"aio-icon-box default-icon\" style=\"\"  ><div class=\"aio-icon-header\" ><h3 class=\"aio-icon-title ult-responsive\"  data-ultimate-target='#Info-box-wrap-1755 .aio-icon-title'  data-responsive-json-new='{\"font-size\":\"\",\"line-height\":\"\"}'  style=\"\">Ruth Gillner<\/h3><\/div> <!-- header --><div class=\"aio-icon-description ult-responsive\"  data-ultimate-target='#Info-box-wrap-1755 .aio-icon-description'  data-responsive-json-new='{\"font-size\":\"\",\"line-height\":\"\"}'  style=\"\">Sales<br \/>\nTel.: +49 02154 89414-26<br \/>\nFax: +49 02154 89414-11<br \/>\nE-Mail: ruth.gillner@feida.de<br \/>\nLanguage: German, English<\/div> <!-- description --><\/div> <!-- aio-icon-box --><\/div> <!-- aio-icon-component --><\/div><\/div><\/div><div class=\"wpb_column vc_column_container vc_col-sm-4\"><div class=\"vc_column-inner\"><div class=\"wpb_wrapper\"><div class=\"aio-icon-component    style_1\"><div id=\"Info-box-wrap-8471\" class=\"aio-icon-box default-icon\" style=\"\"  ><div class=\"aio-icon-header\" ><h3 class=\"aio-icon-title ult-responsive\"  data-ultimate-target='#Info-box-wrap-8471 .aio-icon-title'  data-responsive-json-new='{\"font-size\":\"\",\"line-height\":\"\"}'  style=\"\">Stefan Drescher<\/h3><\/div> <!-- header --><div class=\"aio-icon-description ult-responsive\"  data-ultimate-target='#Info-box-wrap-8471 .aio-icon-description'  data-responsive-json-new='{\"font-size\":\"\",\"line-height\":\"\"}'  style=\"\">Sales<br \/>\nTel.: +49 02154 89414-20<br \/>\nFax: +49 02154 89414-11<br \/>\nE-Mail: stefan.drescher@feida.de<br \/>\nLanguage: German, English<\/div> <!-- description --><\/div> <!-- aio-icon-box --><\/div> <!-- aio-icon-component --><\/div><\/div><\/div><div class=\"wpb_column vc_column_container vc_col-sm-4\"><div class=\"vc_column-inner\"><div class=\"wpb_wrapper\"><div class=\"aio-icon-component    style_1\"><div id=\"Info-box-wrap-6079\" class=\"aio-icon-box default-icon\" style=\"\"  ><div class=\"aio-icon-header\" ><h3 class=\"aio-icon-title ult-responsive\"  data-ultimate-target='#Info-box-wrap-6079 .aio-icon-title'  data-responsive-json-new='{\"font-size\":\"\",\"line-height\":\"\"}'  style=\"\">Antonios Ditzis<\/h3><\/div> <!-- header --><div class=\"aio-icon-description ult-responsive\"  data-ultimate-target='#Info-box-wrap-6079 .aio-icon-description'  data-responsive-json-new='{\"font-size\":\"\",\"line-height\":\"\"}'  style=\"\">International distribution &amp; Export Manager<br \/>\nTel.: +49 02154 89414-28<br \/>\nFax: +49 02154 89414-11<br \/>\nE-Mail: antonios.ditzis@feida.de<br \/>\nLanguage: German, English, French, Greek, Italian, Spanish<\/div> <!-- description --><\/div> <!-- aio-icon-box --><\/div> <!-- aio-icon-component --><\/div><\/div><\/div><\/div><!-- Row Backgrounds --><div class=\"upb_color\" data-bg-override=\"ex-full\" data-bg-color=\"#f2f2f2\" data-fadeout=\"\" data-fadeout-percentage=\"30\" data-parallax-content=\"\" data-parallax-content-sense=\"30\" data-row-effect-mobile-disable=\"true\" data-img-parallax-mobile-disable=\"true\" data-rtl=\"false\"  data-custom-vc-row=\"\"  data-vc=\"8.7.2\"  data-is_old_vc=\"\"  data-theme-support=\"\"   data-overlay=\"false\" data-overlay-color=\"\" data-overlay-pattern=\"\" data-overlay-pattern-opacity=\"\" data-overlay-pattern-size=\"\"    ><\/div><div class=\"vc_row wpb_row vc_row-fluid\"><div class=\"wpb_column vc_column_container vc_col-sm-4\"><div class=\"vc_column-inner\"><div class=\"wpb_wrapper\"><div class=\"aio-icon-component    style_1\"><div id=\"Info-box-wrap-7187\" class=\"aio-icon-box default-icon\" style=\"\"  ><div class=\"aio-icon-header\" ><h3 class=\"aio-icon-title ult-responsive\"  data-ultimate-target='#Info-box-wrap-7187 .aio-icon-title'  data-responsive-json-new='{\"font-size\":\"\",\"line-height\":\"\"}'  style=\"\">Yaning Ge<\/h3><\/div> <!-- header --><div class=\"aio-icon-description ult-responsive\"  data-ultimate-target='#Info-box-wrap-7187 .aio-icon-description'  data-responsive-json-new='{\"font-size\":\"\",\"line-height\":\"\"}'  style=\"\">Marketing<br \/>\nTel.: +49 2154 89414-29<br \/>\nFax: +49 2154 89414-11<br \/>\nE-Mail: yaning.ge@feida.de<br \/>\nLanguage: German, Chinese, Englich<\/div> <!-- description --><\/div> <!-- aio-icon-box --><\/div> <!-- aio-icon-component --><\/div><\/div><\/div><\/div><!-- Row Backgrounds --><div class=\"upb_color\" data-bg-override=\"ex-full\" data-bg-color=\"#f2f2f2\" data-fadeout=\"\" data-fadeout-percentage=\"30\" data-parallax-content=\"\" data-parallax-content-sense=\"30\" data-row-effect-mobile-disable=\"true\" data-img-parallax-mobile-disable=\"true\" data-rtl=\"false\"  data-custom-vc-row=\"\"  data-vc=\"8.7.2\"  data-is_old_vc=\"\"  data-theme-support=\"\"   data-overlay=\"false\" data-overlay-color=\"\" data-overlay-pattern=\"\" data-overlay-pattern-opacity=\"\" data-overlay-pattern-size=\"\"    ><\/div><\/section><div class=\"vc_row-full-width vc_clearfix\"><\/div>\n<\/div>","protected":false},"excerpt":{"rendered":"<p>Wer wir sind Die FEIDA Group ist einer der f\u00fchrenden Hersteller von qualitativ hochwertigen Bohrern. Dabei agiert die FEIDA Tools Deutschland GmbH seit 1999 als Tochterunternehmen und Bindeglied zwischen unserer Produktionsst\u00e4tte und den Anforderungen des europ\u00e4ischen Marktes. Durch den zentralen Standort in 47877 Willich bietet unser Lager eine schnelle und effiziente Lieferf\u00e4higkeit. Was wir anbieten&hellip;<\/p>","protected":false},"author":1,"featured_media":0,"parent":0,"menu_order":13,"comment_status":"closed","ping_status":"closed","template":"","meta":{"footnotes":""},"class_list":["post-1885","page","type-page","status-publish","hentry","description-off"],"yoast_head":"<!-- This site is optimized with the Yoast SEO plugin v22.4 - https:\/\/yoast.com\/wordpress\/plugins\/seo\/ -->\n<title>\u00dcber Uns &#187; Feida Tools Deutschland GmbH<\/title>\n<meta name=\"robots\" content=\"index, follow, max-snippet:-1, max-image-preview:large, max-video-preview:-1\" \/>\n<link rel=\"canonical\" href=\"https:\/\/feida.de\/info\/en\/ueber-uns\/\" \/>\n<meta property=\"og:locale\" content=\"en_GB\" \/>\n<meta property=\"og:type\" content=\"article\" \/>\n<meta property=\"og:title\" content=\"\u00dcber Uns &#187; Feida Tools Deutschland GmbH\" \/>\n<meta property=\"og:url\" content=\"https:\/\/feida.de\/info\/en\/ueber-uns\/\" \/>\n<meta property=\"og:site_name\" content=\"Feida Tools Deutschland GmbH\" \/>\n<meta property=\"article:modified_time\" content=\"2023-10-25T13:18:19+00:00\" \/>\n<meta name=\"twitter:card\" content=\"summary_large_image\" \/>\n<meta name=\"twitter:label1\" content=\"Estimated reading time\" \/>\n\t<meta name=\"twitter:data1\" content=\"3 minutes\" \/>\n<script type=\"application\/ld+json\" class=\"yoast-schema-graph\">{\"@context\":\"https:\/\/schema.org\",\"@graph\":[{\"@type\":\"WebPage\",\"@id\":\"https:\/\/feida.de\/info\/ueber-uns\/\",\"url\":\"https:\/\/feida.de\/info\/ueber-uns\/\",\"name\":\"\u00dcber Uns &#187; Feida Tools Deutschland GmbH\",\"isPartOf\":{\"@id\":\"https:\/\/feida.de\/info\/#website\"},\"datePublished\":\"2019-10-09T13:56:15+00:00\",\"dateModified\":\"2023-10-25T13:18:19+00:00\",\"breadcrumb\":{\"@id\":\"https:\/\/feida.de\/info\/ueber-uns\/#breadcrumb\"},\"inLanguage\":\"en-GB\",\"potentialAction\":[{\"@type\":\"ReadAction\",\"target\":[\"https:\/\/feida.de\/info\/ueber-uns\/\"]}]},{\"@type\":\"BreadcrumbList\",\"@id\":\"https:\/\/feida.de\/info\/ueber-uns\/#breadcrumb\",\"itemListElement\":[{\"@type\":\"ListItem\",\"position\":1,\"name\":\"Startseite\",\"item\":\"https:\/\/feida.de\/info\/\"},{\"@type\":\"ListItem\",\"position\":2,\"name\":\"\u00dcber Uns\"}]},{\"@type\":\"WebSite\",\"@id\":\"https:\/\/feida.de\/info\/#website\",\"url\":\"https:\/\/feida.de\/info\/\",\"name\":\"Feida Tools Deutschland GmbH - Drills for Experts - Ihr Bohrer Spezialist\",\"description\":\"drills for experts\",\"publisher\":{\"@id\":\"https:\/\/feida.de\/info\/#organization\"},\"potentialAction\":[{\"@type\":\"SearchAction\",\"target\":{\"@type\":\"EntryPoint\",\"urlTemplate\":\"https:\/\/feida.de\/info\/?s={search_term_string}\"},\"query-input\":\"required name=search_term_string\"}],\"inLanguage\":\"en-GB\"},{\"@type\":\"Organization\",\"@id\":\"https:\/\/feida.de\/info\/#organization\",\"name\":\"Feida Tools Deutschland GmbH\",\"url\":\"https:\/\/feida.de\/info\/\",\"logo\":{\"@type\":\"ImageObject\",\"inLanguage\":\"en-GB\",\"@id\":\"https:\/\/feida.de\/info\/#\/schema\/logo\/image\/\",\"url\":\"https:\/\/feida.de\/info\/wp-content\/uploads\/2019\/10\/feida_trans_mitr_88.png\",\"contentUrl\":\"https:\/\/feida.de\/info\/wp-content\/uploads\/2019\/10\/feida_trans_mitr_88.png\",\"width\":171,\"height\":88,\"caption\":\"Feida Tools Deutschland GmbH\"},\"image\":{\"@id\":\"https:\/\/feida.de\/info\/#\/schema\/logo\/image\/\"}}]}<\/script>\n<!-- \/ Yoast SEO plugin. -->","yoast_head_json":{"title":"\u00dcber Uns &#187; Feida Tools Deutschland GmbH","robots":{"index":"index","follow":"follow","max-snippet":"max-snippet:-1","max-image-preview":"max-image-preview:large","max-video-preview":"max-video-preview:-1"},"canonical":"https:\/\/feida.de\/info\/en\/ueber-uns\/","og_locale":"en_GB","og_type":"article","og_title":"\u00dcber Uns &#187; Feida Tools Deutschland GmbH","og_url":"https:\/\/feida.de\/info\/en\/ueber-uns\/","og_site_name":"Feida Tools Deutschland GmbH","article_modified_time":"2023-10-25T13:18:19+00:00","twitter_card":"summary_large_image","twitter_misc":{"Estimated reading time":"3 minutes"},"schema":{"@context":"https:\/\/schema.org","@graph":[{"@type":"WebPage","@id":"https:\/\/feida.de\/info\/ueber-uns\/","url":"https:\/\/feida.de\/info\/ueber-uns\/","name":"\u00dcber Uns &#187; Feida Tools Deutschland GmbH","isPartOf":{"@id":"https:\/\/feida.de\/info\/#website"},"datePublished":"2019-10-09T13:56:15+00:00","dateModified":"2023-10-25T13:18:19+00:00","breadcrumb":{"@id":"https:\/\/feida.de\/info\/ueber-uns\/#breadcrumb"},"inLanguage":"en-GB","potentialAction":[{"@type":"ReadAction","target":["https:\/\/feida.de\/info\/ueber-uns\/"]}]},{"@type":"BreadcrumbList","@id":"https:\/\/feida.de\/info\/ueber-uns\/#breadcrumb","itemListElement":[{"@type":"ListItem","position":1,"name":"Startseite","item":"https:\/\/feida.de\/info\/"},{"@type":"ListItem","position":2,"name":"\u00dcber Uns"}]},{"@type":"WebSite","@id":"https:\/\/feida.de\/info\/#website","url":"https:\/\/feida.de\/info\/","name":"Feida Tools Deutschland GmbH - Drills for Experts - Ihr Bohrer Spezialist","description":"drills for experts","publisher":{"@id":"https:\/\/feida.de\/info\/#organization"},"potentialAction":[{"@type":"SearchAction","target":{"@type":"EntryPoint","urlTemplate":"https:\/\/feida.de\/info\/?s={search_term_string}"},"query-input":"required name=search_term_string"}],"inLanguage":"en-GB"},{"@type":"Organization","@id":"https:\/\/feida.de\/info\/#organization","name":"Feida Tools Deutschland GmbH","url":"https:\/\/feida.de\/info\/","logo":{"@type":"ImageObject","inLanguage":"en-GB","@id":"https:\/\/feida.de\/info\/#\/schema\/logo\/image\/","url":"https:\/\/feida.de\/info\/wp-content\/uploads\/2019\/10\/feida_trans_mitr_88.png","contentUrl":"https:\/\/feida.de\/info\/wp-content\/uploads\/2019\/10\/feida_trans_mitr_88.png","width":171,"height":88,"caption":"Feida Tools Deutschland GmbH"},"image":{"@id":"https:\/\/feida.de\/info\/#\/schema\/logo\/image\/"}}]}},"_links":{"self":[{"href":"https:\/\/feida.de\/info\/en\/wp-json\/wp\/v2\/pages\/1885","targetHints":{"allow":["GET"]}}],"collection":[{"href":"https:\/\/feida.de\/info\/en\/wp-json\/wp\/v2\/pages"}],"about":[{"href":"https:\/\/feida.de\/info\/en\/wp-json\/wp\/v2\/types\/page"}],"author":[{"embeddable":true,"href":"https:\/\/feida.de\/info\/en\/wp-json\/wp\/v2\/users\/1"}],"replies":[{"embeddable":true,"href":"https:\/\/feida.de\/info\/en\/wp-json\/wp\/v2\/comments?post=1885"}],"version-history":[{"count":69,"href":"https:\/\/feida.de\/info\/en\/wp-json\/wp\/v2\/pages\/1885\/revisions"}],"predecessor-version":[{"id":3373,"href":"https:\/\/feida.de\/info\/en\/wp-json\/wp\/v2\/pages\/1885\/revisions\/3373"}],"wp:attachment":[{"href":"https:\/\/feida.de\/info\/en\/wp-json\/wp\/v2\/media?parent=1885"}],"curies":[{"name":"wp","href":"https:\/\/api.w.org\/{rel}","templated":true}]}}